{"id":30983,"date":"2025-10-28T12:50:10","date_gmt":"2025-10-28T11:50:10","guid":{"rendered":"https:\/\/mcpm.at\/kukmax\/?page_id=30983"},"modified":"2026-01-20T20:59:04","modified_gmt":"2026-01-20T19:59:04","slug":"zwanzig26","status":"publish","type":"page","link":"https:\/\/mcpm.at\/kukmax\/zwanzig26\/","title":{"rendered":"zwanzig26 &#8211; Silvesterparty am Schr\u00f6pferplatz mit TVB &#038; Bad Ischl Original"},"content":{"rendered":"\t\t<div data-elementor-type=\"wp-page\" data-elementor-id=\"30983\" class=\"elementor elementor-30983\" data-elementor-post-type=\"page\">\n\t\t\t\t\t\t<section data-particle_enable=\"false\" data-particle-mobile-disabled=\"false\" class=\"elementor-section elementor-top-section elementor-element elementor-element-ba85a92 elementor-section-full_width elementor-section-height-default elementor-section-height-default\" data-id=\"ba85a92\" data-element_type=\"section\" data-e-type=\"section\">\n\t\t\t\t\t\t<div class=\"elementor-container elementor-column-gap-default\">\n\t\t\t\t\t<div class=\"elementor-column elementor-col-100 elementor-top-column elementor-element elementor-element-9ca6de9\" data-id=\"9ca6de9\" data-element_type=\"column\" data-e-type=\"column\" data-settings=\"{&quot;background_background&quot;:&quot;classic&quot;}\">\n\t\t\t<div class=\"elementor-widget-wrap elementor-element-populated\">\n\t\t\t\t\t\t<div class=\"elementor-element elementor-element-bc0d213 elementor-widget elementor-widget-heading\" data-id=\"bc0d213\" data-element_type=\"widget\" data-e-type=\"widget\" data-widget_type=\"heading.default\">\n\t\t\t\t<div class=\"elementor-widget-container\">\n\t\t\t\t\t<h1 class=\"elementor-heading-title elementor-size-default\">\ud83c\udf1f zwanzig26 \ud83c\udf1f<\/h1>\t\t\t\t<\/div>\n\t\t\t\t<\/div>\n\t\t\t\t<div class=\"elementor-element elementor-element-71d47a1 elementor-widget elementor-widget-text-editor\" data-id=\"71d47a1\" data-element_type=\"widget\" data-e-type=\"widget\" data-widget_type=\"text-editor.default\">\n\t\t\t\t<div class=\"elementor-widget-container\">\n\t\t\t\t\t\t\t\t\t<p><strong style=\"display: flex; align-items: center; justify-content: center; font-size: 18px;\">Gro\u00dfe Silvesterparty am Schr\u00f6pferplatz<br \/>in Kooperation mit dem TVB Bad Ischl<br \/><\/strong><\/p>\t\t\t\t\t\t\t\t<\/div>\n\t\t\t\t<\/div>\n\t\t\t\t<div class=\"elementor-element elementor-element-e7c6110 elementor-widget elementor-widget-text-editor\" data-id=\"e7c6110\" data-element_type=\"widget\" data-e-type=\"widget\" data-widget_type=\"text-editor.default\">\n\t\t\t\t<div class=\"elementor-widget-container\">\n\t\t\t\t\t\t\t\t\t<p>ab 11:00 &amp; durch die Nacht<\/p>\t\t\t\t\t\t\t\t<\/div>\n\t\t\t\t<\/div>\n\t\t\t\t\t<\/div>\n\t\t<\/div>\n\t\t\t\t\t<\/div>\n\t\t<\/section>\n\t\t\t\t<section data-particle_enable=\"false\" data-particle-mobile-disabled=\"false\" class=\"elementor-section elementor-top-section elementor-element elementor-element-47899a1 elementor-section-full_width elementor-section-height-default elementor-section-height-default\" data-id=\"47899a1\" data-element_type=\"section\" data-e-type=\"section\">\n\t\t\t\t\t\t<div class=\"elementor-container elementor-column-gap-default\">\n\t\t\t\t\t<div class=\"elementor-column elementor-col-100 elementor-top-column elementor-element elementor-element-20770f4\" data-id=\"20770f4\" data-element_type=\"column\" data-e-type=\"column\" data-settings=\"{&quot;background_background&quot;:&quot;classic&quot;}\">\n\t\t\t<div class=\"elementor-widget-wrap elementor-element-populated\">\n\t\t\t\t\t\t<div class=\"elementor-element elementor-element-a894062 elementor-widget elementor-widget-heading\" data-id=\"a894062\" data-element_type=\"widget\" data-e-type=\"widget\" data-widget_type=\"heading.default\">\n\t\t\t\t<div class=\"elementor-widget-container\">\n\t\t\t\t\t<h2 class=\"elementor-heading-title elementor-size-default\">\ud83c\udf1f STV1 ANK\u00dcNDIGUNG \ud83c\udf1f<\/h2>\t\t\t\t<\/div>\n\t\t\t\t<\/div>\n\t\t\t\t<div class=\"elementor-element elementor-element-0f4124b elementor-widget__width-initial elementor-widget elementor-widget-video\" data-id=\"0f4124b\" data-element_type=\"widget\" data-e-type=\"widget\" data-settings=\"{&quot;youtube_url&quot;:&quot;https:\\\/\\\/youtu.be\\\/5VG2T-_75e8&quot;,&quot;video_type&quot;:&quot;youtube&quot;,&quot;controls&quot;:&quot;yes&quot;}\" data-widget_type=\"video.default\">\n\t\t\t\t<div class=\"elementor-widget-container\">\n\t\t\t\t\t\t\t<div class=\"elementor-wrapper elementor-open-inline\">\n\t\t\t<div class=\"elementor-video\"><\/div>\t\t<\/div>\n\t\t\t\t\t\t<\/div>\n\t\t\t\t<\/div>\n\t\t\t\t<div class=\"elementor-element elementor-element-9c05f50 elementor-widget elementor-widget-heading\" data-id=\"9c05f50\" data-element_type=\"widget\" data-e-type=\"widget\" data-widget_type=\"heading.default\">\n\t\t\t\t<div class=\"elementor-widget-container\">\n\t\t\t\t\t<h2 class=\"elementor-heading-title elementor-size-default\">\ud83c\udf1f VORMITTAG \ud83c\udf1f<\/h2>\t\t\t\t<\/div>\n\t\t\t\t<\/div>\n\t\t\t\t<div class=\"elementor-element elementor-element-b3b4134 elementor-widget elementor-widget-text-editor\" data-id=\"b3b4134\" data-element_type=\"widget\" data-e-type=\"widget\" data-widget_type=\"text-editor.default\">\n\t\t\t\t<div class=\"elementor-widget-container\">\n\t\t\t\t\t\t\t\t\t<p><img fetchpriority=\"high\" decoding=\"async\" class=\"aligncenter wp-image-30805 size-full\" src=\"https:\/\/mcpm.at\/kukmax\/wp-content\/uploads\/2025\/10\/neujahrs-gluecksbringer.jpg\" alt=\"\" width=\"750\" height=\"435\" \/><\/p>\t\t\t\t\t\t\t\t<\/div>\n\t\t\t\t<\/div>\n\t\t\t\t<div class=\"elementor-element elementor-element-0ef8398 elementor-widget elementor-widget-heading\" data-id=\"0ef8398\" data-element_type=\"widget\" data-e-type=\"widget\" data-widget_type=\"heading.default\">\n\t\t\t\t<div class=\"elementor-widget-container\">\n\t\t\t\t\t<h4 class=\"elementor-heading-title elementor-size-default\">FLANIEREN &amp; GUSTIEREN<br>(ab 09:00)<\/h4>\t\t\t\t<\/div>\n\t\t\t\t<\/div>\n\t\t\t\t<div class=\"elementor-element elementor-element-f94d01e elementor-widget elementor-widget-text-editor\" data-id=\"f94d01e\" data-element_type=\"widget\" data-e-type=\"widget\" data-widget_type=\"text-editor.default\">\n\t\t\t\t<div class=\"elementor-widget-container\">\n\t\t\t\t\t\t\t\t\t<p><strong>\ud83c\udf1f Silvester-Shopping in den Gesch\u00e4ften der <a href=\"https:\/\/www.badischloriginal.at\/\" target=\"_blank\" rel=\"noopener\">Bad Ischler Originale<\/a> <\/strong>(bis ca 13:00 ge\u00f6ffnet)<br \/><strong>\ud83c\udf1f Popup-Counter am Schr\u00f6pferplatz von <a href=\"https:\/\/galleria-badischl.at\/homeinteriors\/\" target=\"_blank\" rel=\"noopener\">Galleria Home Interiors <\/a>mit geschmackvoll ausgew\u00e4hlten Gl\u00fccksbringern und Neujahrs-Mitbringsel zum Verschenken und f\u00fcr zu Hause<\/strong><\/p>\t\t\t\t\t\t\t\t<\/div>\n\t\t\t\t<\/div>\n\t\t\t\t<div class=\"elementor-element elementor-element-de8959e elementor-widget elementor-widget-heading\" data-id=\"de8959e\" data-element_type=\"widget\" data-e-type=\"widget\" data-widget_type=\"heading.default\">\n\t\t\t\t<div class=\"elementor-widget-container\">\n\t\t\t\t\t<h2 class=\"elementor-heading-title elementor-size-default\">\ud83c\udf1f MITTAG \ud83c\udf1f<\/h2>\t\t\t\t<\/div>\n\t\t\t\t<\/div>\n\t\t\t\t<div class=\"elementor-element elementor-element-e998c50 elementor-widget elementor-widget-text-editor\" data-id=\"e998c50\" data-element_type=\"widget\" data-e-type=\"widget\" data-widget_type=\"text-editor.default\">\n\t\t\t\t<div class=\"elementor-widget-container\">\n\t\t\t\t\t\t\t\t\t<p><strong><img decoding=\"async\" class=\"alignnone size-full wp-image-24321\" src=\"https:\/\/mcpm.at\/kukmax\/wp-content\/uploads\/2024\/11\/seilbahnrestaurant24_2.jpg\" alt=\"\" width=\"750\" height=\"435\" \/><\/strong><\/p><h4 style=\"color: white;\">Ab 11:00<br \/>GENIESSEN AM SCHR\u00d6PFERPLATZ<\/h4><p><strong>\ud83c\udf1f Aperitifs &amp; Outdoor Pizza-Snacks<\/strong><br \/><strong>\ud83c\udf1f Silvester Lunch @ k.u.k Gondelrestaurant, Hofwirt u. Osteria<\/strong><br \/><strong>\ud83c\udf1f S\u00fcdtiroler k.u.k. H\u00fchnersuppe <\/strong>(ganztags und -nachts)<br \/><strong>\ud83c\udf1f Punsch, Gl\u00fchwein, Herzerl-Most, Lillet Punsch, Kinderpunsch &amp; mehr<\/strong><\/p><p><img decoding=\"async\" class=\"aligncenter wp-image-24173 size-full\" src=\"https:\/\/mcpm.at\/kukmax\/wp-content\/uploads\/2024\/11\/rene_silvester.jpg\" alt=\"\" width=\"750\" height=\"435\" \/><\/p><h4 style=\"color: white;\">Ab 11:00<br \/>MC &amp; DJ REN\u00c9 &#8222;SUPERRENSCH&#8220; LEEB<\/h4><p><strong>\ud83c\udf1f F\u00fchrt als MC (\u201eMaster of Ceremony\u201c) durch den Abend<\/strong><br \/><strong>\ud83c\udf1f Spielt als DJ Musik, die immer passt<\/strong><br \/><strong>\ud83c\udf1f Moderiert den Silvester-Countdown und die Ziehung der Gewinnspiel-Preise<\/strong><br \/><strong>\ud83c\udf1f Spielt um Mitternacht den Donauwalzer der Wiener Philharmoniker<\/strong><\/p>\t\t\t\t\t\t\t\t<\/div>\n\t\t\t\t<\/div>\n\t\t\t\t<div class=\"elementor-element elementor-element-f266b83 elementor-widget elementor-widget-heading\" data-id=\"f266b83\" data-element_type=\"widget\" data-e-type=\"widget\" data-widget_type=\"heading.default\">\n\t\t\t\t<div class=\"elementor-widget-container\">\n\t\t\t\t\t<h2 class=\"elementor-heading-title elementor-size-default\">\ud83c\udf1f ABEND \ud83c\udf1f<\/h2>\t\t\t\t<\/div>\n\t\t\t\t<\/div>\n\t\t\t\t<div class=\"elementor-element elementor-element-24d6261 elementor-widget elementor-widget-text-editor\" data-id=\"24d6261\" data-element_type=\"widget\" data-e-type=\"widget\" data-widget_type=\"text-editor.default\">\n\t\t\t\t<div class=\"elementor-widget-container\">\n\t\t\t\t\t\t\t\t\t<p><img loading=\"lazy\" decoding=\"async\" class=\"size-full wp-image-30843 aligncenter\" src=\"https:\/\/mcpm.at\/kukmax\/wp-content\/uploads\/2025\/10\/mojosixx2025_tn_blue.jpg\" alt=\"\" width=\"750\" height=\"435\" \/><\/p><h4 style=\"color: white;\">17 &#8211; 18:00<br \/><strong><a style=\"font-size: 20px;\" href=\"https:\/\/mojo-sixx.at\/\" target=\"_blank\" rel=\"noopener\">MOJO SIXX<\/a><br \/><\/strong><\/h4><p><strong>\ud83c\udf1f Liveband Warm-Up mit &#8222;Musik zur Blauen Stunde&#8220;<\/strong><br \/><strong>\ud83c\udf1f Aperitif zum genussvollen Dinner-Auftakt<\/strong><\/p><p><img loading=\"lazy\" decoding=\"async\" class=\"aligncenter wp-image-30710 size-full\" src=\"https:\/\/mcpm.at\/kukmax\/wp-content\/uploads\/2025\/10\/silvestermenue_symb.jpg\" alt=\"\" width=\"750\" height=\"435\" \/><\/p><h4 style=\"color: white;\">18 &#8211; ca 22:00<br \/>SILVESTER-DINNER<\/h4><p><strong>\ud83c\udf1f Bei Ischler Hotels &amp; Restaurants sowie<\/strong><br \/><strong>\ud83c\udf1f in allen k.u.k. Abteilungen inkl. Gondelrestaurant<\/strong><br \/><span style=\"font-size: 12px;\">\ud83d\udc49 F\u00fcr die Men\u00fcs\/Karten unten auf \ud83d\udccb klicken, f\u00fcr Kontakt Reservierung auf \ud83c\udf10 (Webseite) <\/span><\/p><p><strong>\ud83d\udc49 Alle k.u.k. Speisekarten\u00a0<a href=\"https:\/\/mcpm.at\/kukmax\/genuss\/#karten\" target=\"_blank\" rel=\"noopener\">\ud83d\udccb<\/a> |\u00a0<a href=\"https:\/\/mcpm.at\/kukmax\/genuss\/\" target=\"_blank\" rel=\"noopener\">\ud83c\udf10<\/a><\/strong><br \/><strong>\ud83d\udc49 Trauntown, Hotel Goldenes Schiff | <a href=\"https:\/\/www.goldenes-schiff.at\/restaurant-bad-ischl\/\" target=\"_blank\" rel=\"noopener\">\ud83c\udf10<\/a><\/strong><br \/><strong>\ud83d\udc49 Wirtshaus Hubertushof <a href=\"https:\/\/mcpm.at\/kukmax\/files\/hubertushof.jpg\" target=\"_blank\" rel=\"noopener\">\ud83d\udccb<\/a> |\u00a0<a href=\"https:\/\/hubertushof.co.at\/\" target=\"_blank\" rel=\"noopener\">\ud83c\udf10<\/a><\/strong><br \/><strong>\ud83d\udc49 Villa Seilern <a href=\"https:\/\/mcpm.at\/kukmax\/files\/villaseilern.jpg\" target=\"_blank\" rel=\"noopener\">\ud83d\udccb<\/a> | <a href=\"https:\/\/www.restaurant-attwenger.at\/events\/silvester-2024\" target=\"_blank\" rel=\"noopener\">\ud83c\udf10<\/a><\/strong><br \/><strong>\ud83d\udc49 Goldener Ochs | <a href=\"https:\/\/www.goldenerochs.at\/\" target=\"_blank\" rel=\"noopener\">\ud83c\udf10<\/a><br \/>\ud83d\udc49 Landgasthof zur Nocken Toni | <a href=\"https:\/\/www.nockentoni.at\/\" target=\"_blank\" rel=\"noopener\">\ud83c\udf10<\/a><br \/><\/strong><\/p>\t\t\t\t\t\t\t\t<\/div>\n\t\t\t\t<\/div>\n\t\t\t\t<div class=\"elementor-element elementor-element-e3bd87c elementor-widget elementor-widget-heading\" data-id=\"e3bd87c\" data-element_type=\"widget\" data-e-type=\"widget\" data-widget_type=\"heading.default\">\n\t\t\t\t<div class=\"elementor-widget-container\">\n\t\t\t\t\t<h2 class=\"elementor-heading-title elementor-size-default\">\ud83c\udf1f SILVESTERNACHT \ud83c\udf1f<\/h2>\t\t\t\t<\/div>\n\t\t\t\t<\/div>\n\t\t\t\t<div class=\"elementor-element elementor-element-cd8b180 elementor-widget elementor-widget-text-editor\" data-id=\"cd8b180\" data-element_type=\"widget\" data-e-type=\"widget\" data-widget_type=\"text-editor.default\">\n\t\t\t\t<div class=\"elementor-widget-container\">\n\t\t\t\t\t\t\t\t\t<p><img loading=\"lazy\" decoding=\"async\" class=\"size-full wp-image-30844 aligncenter\" src=\"https:\/\/mcpm.at\/kukmax\/wp-content\/uploads\/2025\/10\/mojosixx2025_tn.jpg\" alt=\"\" width=\"750\" height=\"435\" \/><\/p><h4 style=\"color: white;\">22 &#8211; 24:00 &amp; 00:15 &#8211; ca 01:00<br \/><strong><a style=\"font-size: 20px;\" href=\"https:\/\/mojo-sixx.at\/\" target=\"_blank\" rel=\"noopener\">MOJO SIXX<\/a><\/strong><\/h4><p><strong>\ud83c\udf1f Dance- &amp; Partyband mit 6 Musikern<\/strong><br \/><strong>\ud83c\udf1f Songs f\u00fcr alle Generationen und jeden Geschmack!<\/strong><\/p><p><img loading=\"lazy\" decoding=\"async\" class=\"size-full wp-image-30846 aligncenter\" src=\"https:\/\/mcpm.at\/kukmax\/wp-content\/uploads\/2025\/10\/zwanzig26_gewinnspiel.jpg\" alt=\"\" width=\"750\" height=\"435\" \/><\/p><h4 style=\"color: white;\">ca 23:00 (Livemusik-Pause)<br \/>GROSSES &#8222;STADTGONDELN-GEWINNSPIEL&#8220;<\/h4><p><strong>\ud83c\udf1f Ziehung der Preise<\/strong><br \/><strong>\ud83c\udf1f Gewinnspiel l\u00e4uft ab 21. November 2025 in Kooperation mit dem Tourismusverband und <a href=\"https:\/\/www.badischloriginal.at\/\" target=\"_blank\" rel=\"noopener\">Bad Ischl Original<\/a><\/strong><br \/><strong>\ud83c\udf1f Shopping-Aktionen Sa 6. &amp; Mo 8.12. sowie Mo 29. &#8211; Mi 31.12.<\/strong><br \/><strong>\ud83c\udf1f Hauptpreis: Genusswochenende in Bad Ischl, mit allem Drum und Dran, f\u00fcr zwei Personen<\/strong><br \/><strong>\ud83c\udf1f Alle Details in K\u00fcrze auf der Webseite der Bad Ischler Originale und auf unseren Social Media Kan\u00e4len &#8211; keep visiting!<\/strong><\/p><p><img loading=\"lazy\" decoding=\"async\" class=\"size-full wp-image-30711 aligncenter\" src=\"https:\/\/mcpm.at\/kukmax\/wp-content\/uploads\/2025\/10\/ruggeri_happy_new_year.jpg\" alt=\"\" width=\"750\" height=\"435\" \/><\/p><h4 style=\"color: white;\">23:45 &#8211; 00:15<br \/>&#8222;HAPPY NEW YEAR 2026&#8220;<\/h4><p><strong>\ud83c\udf1f Silvester-Countdown mit gro\u00dfem Korkenknall und feinstem Sprudel aus der 6 L Methusalem Flasche von Ruggeri<\/strong><br \/><strong>\ud83c\udf1f Donauwalzer mit den Wiener Philharmonikern<\/strong><\/p><p><img loading=\"lazy\" decoding=\"async\" class=\"alignnone size-full wp-image-31052\" src=\"https:\/\/mcpm.at\/kukmax\/wp-content\/uploads\/2025\/10\/aftermidnight_2.jpg\" alt=\"\" width=\"750\" height=\"435\" \/><\/p><h4 style=\"color: white;\">Nach Mitternacht bzw. nach Live-Act ab ca 01:00<br \/>AFTER SHOW PARTIES feat. DJs &amp; BARS<\/h4><p><strong>\ud83c\udf1f Indoor im k.u.k. Hofbeisl &amp; Caf\u00e9 Bar Johann<\/strong><br \/><strong>\ud83c\udf1f S\u00fcdtiroler k.u.k. H\u00fchnersuppe f\u00fcr den Mitternachtshunger<\/strong><\/p>\t\t\t\t\t\t\t\t<\/div>\n\t\t\t\t<\/div>\n\t\t\t\t<div class=\"elementor-element elementor-element-e9cb045 elementor-widget elementor-widget-heading\" data-id=\"e9cb045\" data-element_type=\"widget\" data-e-type=\"widget\" data-widget_type=\"heading.default\">\n\t\t\t\t<div class=\"elementor-widget-container\">\n\t\t\t\t\t<h2 class=\"elementor-heading-title elementor-size-default\">\ud83c\udf1f NEUJAHRSTAG \ud83c\udf1f<\/h2>\t\t\t\t<\/div>\n\t\t\t\t<\/div>\n\t\t\t\t<div class=\"elementor-element elementor-element-c14cf7b elementor-widget elementor-widget-text-editor\" data-id=\"c14cf7b\" data-element_type=\"widget\" data-e-type=\"widget\" data-widget_type=\"text-editor.default\">\n\t\t\t\t<div class=\"elementor-widget-container\">\n\t\t\t\t\t\t\t\t\t<p><img loading=\"lazy\" decoding=\"async\" class=\"size-full wp-image-30804 aligncenter\" src=\"https:\/\/mcpm.at\/kukmax\/wp-content\/uploads\/2025\/10\/katrinalmhuette_winter.jpg\" alt=\"\" width=\"750\" height=\"435\" \/><\/p><h4 style=\"color: white;\">1.1.26 ab 11:00<br \/>NEUJAHRS-BRUNCH AUF DER <a href=\"https:\/\/www.katrin-almhuette.at\/\" target=\"_blank\" rel=\"noopener\">KATRIN-ALMH\u00dcTTE<\/a><\/h4><p><strong>\ud83c\udf1f Inklusive Live TV- &amp; Radio\u00fcbertragung des Neujahrskonzerts der Wiener Philharmoniker<\/strong><br \/><strong>\ud83c\udf1f Nur bei Sch\u00f6nwetter, nur mit Reservierung, Pl\u00e4tze limitiert!<\/strong><br \/><strong>\ud83c\udf1f Alternativ: Neujahrskonzert-\u00dcbertragung im k.u.k. Schirm auch bei Schlechtwetter<\/strong><\/p>\t\t\t\t\t\t\t\t<\/div>\n\t\t\t\t<\/div>\n\t\t\t\t<div class=\"elementor-element elementor-element-9db7421 elementor-widget elementor-widget-heading\" data-id=\"9db7421\" data-element_type=\"widget\" data-e-type=\"widget\" data-widget_type=\"heading.default\">\n\t\t\t\t<div class=\"elementor-widget-container\">\n\t\t\t\t\t<h2 class=\"elementor-heading-title elementor-size-default\">\ud83c\udf1f FLYER \ud83c\udf1f<\/h2>\t\t\t\t<\/div>\n\t\t\t\t<\/div>\n\t\t\t\t<div class=\"elementor-element elementor-element-3e02892 elementor-view-default elementor-widget elementor-widget-icon\" data-id=\"3e02892\" data-element_type=\"widget\" data-e-type=\"widget\" data-widget_type=\"icon.default\">\n\t\t\t\t<div class=\"elementor-widget-container\">\n\t\t\t\t\t\t\t<div class=\"elementor-icon-wrapper\">\n\t\t\t<a class=\"elementor-icon elementor-animation-grow\" href=\"https:\/\/mcpm.at\/kukmax\/files\/zwanzig26.pdf\" target=\"_blank\">\n\t\t\t<i aria-hidden=\"true\" class=\"fas fa-file-pdf\"><\/i>\t\t\t<\/a>\n\t\t<\/div>\n\t\t\t\t\t\t<\/div>\n\t\t\t\t<\/div>\n\t\t\t\t<div class=\"elementor-element elementor-element-6cc160f elementor-widget elementor-widget-text-editor\" data-id=\"6cc160f\" data-element_type=\"widget\" data-e-type=\"widget\" data-widget_type=\"text-editor.default\">\n\t\t\t\t<div class=\"elementor-widget-container\">\n\t\t\t\t\t\t\t\t\t<p><em>pdf Download <strong><a href=\"https:\/\/mcpm.at\/kukmax\/files\/zwanzig26.pdf\" target=\"_blank\" rel=\"noopener\">zwanzig26-Flyer<\/a><\/strong><\/em><\/p>\t\t\t\t\t\t\t\t<\/div>\n\t\t\t\t<\/div>\n\t\t\t\t<div class=\"elementor-element elementor-element-a76de9f elementor-widget elementor-widget-text-editor\" data-id=\"a76de9f\" data-element_type=\"widget\" data-e-type=\"widget\" data-widget_type=\"text-editor.default\">\n\t\t\t\t<div class=\"elementor-widget-container\">\n\t\t\t\t\t\t\t\t\t<p>Wir danken unseren Silvester-Partnern &amp; Sponsoren:<\/p>\t\t\t\t\t\t\t\t<\/div>\n\t\t\t\t<\/div>\n\t\t\t\t<section data-particle_enable=\"false\" data-particle-mobile-disabled=\"false\" class=\"elementor-section elementor-inner-section elementor-element elementor-element-8801ad9 elementor-section-boxed elementor-section-height-default elementor-section-height-default\" data-id=\"8801ad9\" data-element_type=\"section\" data-e-type=\"section\">\n\t\t\t\t\t\t<div class=\"elementor-container elementor-column-gap-default\">\n\t\t\t\t\t<div class=\"elementor-column elementor-col-100 elementor-inner-column elementor-element elementor-element-2fa6879\" data-id=\"2fa6879\" data-element_type=\"column\" data-e-type=\"column\">\n\t\t\t<div class=\"elementor-widget-wrap elementor-element-populated\">\n\t\t\t\t\t\t<div class=\"elementor-element elementor-element-7039afa elementor-widget__width-auto elementor-widget elementor-widget-image\" data-id=\"7039afa\" data-element_type=\"widget\" data-e-type=\"widget\" data-widget_type=\"image.default\">\n\t\t\t\t<div class=\"elementor-widget-container\">\n\t\t\t\t\t\t\t\t\t\t\t\t\t\t\t\t<a href=\"https:\/\/badischl.salzkammergut.at\/\" target=\"_blank\">\n\t\t\t\t\t\t\t<img decoding=\"async\" loading=\"lazy\" src=\"https:\/\/mcpm.at\/kukmax\/wp-content\/uploads\/elementor\/thumbs\/Bad-Ischl_Hauptlogo_website-rg8ziy76ehy90jj91057zjxdff32grt8o591hrqfi8.png\" title=\"Tourismusverband Bad Ischl\" alt=\"Tourismusverband Bad Ischl\" \/>\t\t\t\t\t\t\t\t<\/a>\n\t\t\t\t\t\t\t\t\t\t\t\t\t\t\t<\/div>\n\t\t\t\t<\/div>\n\t\t\t\t<div class=\"elementor-element elementor-element-7db2e64 elementor-widget__width-auto elementor-widget elementor-widget-image\" data-id=\"7db2e64\" data-element_type=\"widget\" data-e-type=\"widget\" data-widget_type=\"image.default\">\n\t\t\t\t<div class=\"elementor-widget-container\">\n\t\t\t\t\t\t\t\t\t\t\t\t\t\t\t\t<a href=\"https:\/\/badischloriginal.at\/\" target=\"_blank\">\n\t\t\t\t\t\t\t<img decoding=\"async\" loading=\"lazy\" src=\"https:\/\/mcpm.at\/kukmax\/wp-content\/uploads\/elementor\/thumbs\/Bad-Ischl-Original-Logo_squ_450px-rg8zlbqhof7cd2305j49sgcbhhdgx88tbwm85y7ls0.jpg\" title=\"Bad Ischl Original\" alt=\"Bad Ischl Original\" \/>\t\t\t\t\t\t\t\t<\/a>\n\t\t\t\t\t\t\t\t\t\t\t\t\t\t\t<\/div>\n\t\t\t\t<\/div>\n\t\t\t\t<div class=\"elementor-element elementor-element-c435c19 elementor-widget__width-auto elementor-widget elementor-widget-image\" data-id=\"c435c19\" data-element_type=\"widget\" data-e-type=\"widget\" data-widget_type=\"image.default\">\n\t\t\t\t<div class=\"elementor-widget-container\">\n\t\t\t\t\t\t\t\t\t\t\t\t\t\t\t\t<a href=\"https:\/\/www.bad-ischl.ooe.gv.at\/\" target=\"_blank\">\n\t\t\t\t\t\t\t<img decoding=\"async\" loading=\"lazy\" src=\"https:\/\/mcpm.at\/kukmax\/wp-content\/uploads\/elementor\/thumbs\/logo_web_farbe_200px-rg8zlsnl3fui61efeqfk1c2m6f22rs3ze8cysxiio0.png\" title=\"Stadtgemeinde Bad Ischl\" alt=\"Stadtgemeinde Bad Ischl\" \/>\t\t\t\t\t\t\t\t<\/a>\n\t\t\t\t\t\t\t\t\t\t\t\t\t\t\t<\/div>\n\t\t\t\t<\/div>\n\t\t\t\t<div class=\"elementor-element elementor-element-efe33d7 elementor-widget__width-auto elementor-widget elementor-widget-image\" data-id=\"efe33d7\" data-element_type=\"widget\" data-e-type=\"widget\" data-widget_type=\"image.default\">\n\t\t\t\t<div class=\"elementor-widget-container\">\n\t\t\t\t\t\t\t\t\t\t\t\t\t\t\t\t<a href=\"https:\/\/trumer.at\" target=\"_blank\">\n\t\t\t\t\t\t\t<img decoding=\"async\" loading=\"lazy\" src=\"https:\/\/mcpm.at\/kukmax\/wp-content\/uploads\/elementor\/thumbs\/Trumer_4c_200-rg8zt1ypvds7tmuv0vduai4rbja47mxd25py7ur2m8.png\" title=\"Trumer Pils\" alt=\"Trumer Pils\" \/>\t\t\t\t\t\t\t\t<\/a>\n\t\t\t\t\t\t\t\t\t\t\t\t\t\t\t<\/div>\n\t\t\t\t<\/div>\n\t\t\t\t\t<\/div>\n\t\t<\/div>\n\t\t\t\t\t<\/div>\n\t\t<\/section>\n\t\t\t\t\t<\/div>\n\t\t<\/div>\n\t\t\t\t\t<\/div>\n\t\t<\/section>\n\t\t\t\t<\/div>\n\t\t","protected":false},"excerpt":{"rendered":"<p>\ud83c\udf1f zwanzig26 \ud83c\udf1f Gro\u00dfe Silvesterparty am Schr\u00f6pferplatzin Kooperation mit dem TVB Bad Ischl ab 11:00 &amp; durch die Nacht \ud83c\udf1f STV1 ANK\u00dcNDIGUNG \ud83c\udf1f \ud83c\udf1f VORMITTAG \ud83c\udf1f FLANIEREN &amp; GUSTIEREN(ab 09:00) \ud83c\udf1f Silvester-Shopping in den Gesch\u00e4ften der Bad Ischler Originale (bis ca 13:00 ge\u00f6ffnet)\ud83c\udf1f Popup-Counter am Schr\u00f6pferplatz von Galleria Home Interiors mit geschmackvoll ausgew\u00e4hlten Gl\u00fccksbringern und [&hellip;]<\/p>\n","protected":false},"author":4,"featured_media":30745,"parent":0,"menu_order":0,"comment_status":"closed","ping_status":"closed","template":"","meta":{"inline_featured_image":false,"site-sidebar-layout":"no-sidebar","site-content-layout":"page-builder","ast-site-content-layout":"full-width-container","site-content-style":"default","site-sidebar-style":"default","ast-global-header-display":"","ast-banner-title-visibility":"","ast-main-header-display":"","ast-hfb-above-header-display":"","ast-hfb-below-header-display":"","ast-hfb-mobile-header-display":"","site-post-title":"","ast-breadcrumbs-content":"","ast-featured-img":"disabled","footer-sml-layout":"","ast-disable-related-posts":"","theme-transparent-header-meta":"","adv-header-id-meta":"","stick-header-meta":"","header-above-stick-meta":"","header-main-stick-meta":"","header-below-stick-meta":"","astra-migrate-meta-layouts":"set","ast-page-background-enabled":"default","ast-page-background-meta":{"desktop":{"background-color":"","background-image":"","background-repeat":"repeat","background-position":"center center","background-size":"auto","background-attachment":"scroll","background-type":"","background-media":"","overlay-type":"","overlay-color":"","overlay-opacity":"","overlay-gradient":""},"tablet":{"background-color":"","background-image":"","background-repeat":"repeat","background-position":"center center","background-size":"auto","background-attachment":"scroll","background-type":"","background-media":"","overlay-type":"","overlay-color":"","overlay-opacity":"","overlay-gradient":""},"mobile":{"background-color":"","background-image":"","background-repeat":"repeat","background-position":"center center","background-size":"auto","background-attachment":"scroll","background-type":"","background-media":"","overlay-type":"","overlay-color":"","overlay-opacity":"","overlay-gradient":""}},"ast-content-background-meta":{"desktop":{"background-color":"var(--ast-global-color-5)","background-image":"","background-repeat":"repeat","background-position":"center center","background-size":"auto","background-attachment":"scroll","background-type":"","background-media":"","overlay-type":"","overlay-color":"","overlay-opacity":"","overlay-gradient":""},"tablet":{"background-color":"var(--ast-global-color-5)","background-image":"","background-repeat":"repeat","background-position":"center center","background-size":"auto","background-attachment":"scroll","background-type":"","background-media":"","overlay-type":"","overlay-color":"","overlay-opacity":"","overlay-gradient":""},"mobile":{"background-color":"var(--ast-global-color-5)","background-image":"","background-repeat":"repeat","background-position":"center center","background-size":"auto","background-attachment":"scroll","background-type":"","background-media":"","overlay-type":"","overlay-color":"","overlay-opacity":"","overlay-gradient":""}},"footnotes":""},"class_list":["post-30983","page","type-page","status-publish","has-post-thumbnail","hentry"],"_links":{"self":[{"href":"https:\/\/mcpm.at\/kukmax\/wp-json\/wp\/v2\/pages\/30983","targetHints":{"allow":["GET"]}}],"collection":[{"href":"https:\/\/mcpm.at\/kukmax\/wp-json\/wp\/v2\/pages"}],"about":[{"href":"https:\/\/mcpm.at\/kukmax\/wp-json\/wp\/v2\/types\/page"}],"author":[{"embeddable":true,"href":"https:\/\/mcpm.at\/kukmax\/wp-json\/wp\/v2\/users\/4"}],"replies":[{"embeddable":true,"href":"https:\/\/mcpm.at\/kukmax\/wp-json\/wp\/v2\/comments?post=30983"}],"version-history":[{"count":193,"href":"https:\/\/mcpm.at\/kukmax\/wp-json\/wp\/v2\/pages\/30983\/revisions"}],"predecessor-version":[{"id":32174,"href":"https:\/\/mcpm.at\/kukmax\/wp-json\/wp\/v2\/pages\/30983\/revisions\/32174"}],"wp:featuredmedia":[{"embeddable":true,"href":"https:\/\/mcpm.at\/kukmax\/wp-json\/wp\/v2\/media\/30745"}],"wp:attachment":[{"href":"https:\/\/mcpm.at\/kukmax\/wp-json\/wp\/v2\/media?parent=30983"}],"curies":[{"name":"wp","href":"https:\/\/api.w.org\/{rel}","templated":true}]}}